







{"id":46,"date":"2009-07-19T21:29:54","date_gmt":"2009-07-19T19:29:54","guid":{"rendered":"http:\/\/www.schlammdackel.de\/?page_id=10"},"modified":"2024-05-03T05:12:53","modified_gmt":"2024-05-03T05:12:53","slug":"fotos","status":"publish","type":"page","link":"https:\/\/www.schlammdackel.de\/?page_id=46","title":{"rendered":"Kategorien"},"content":{"rendered":"<ul>\n<li><a href=\"http:\/\/www.schlammdackel.de\/?tag=fruehstueck\">Fr\u00fchst\u00fcck<\/a><\/li>\n<li><a href=\"http:\/\/www.schlammdackel.de\/?tag=vorspeise\">Vorspeisen<\/a><\/li>\n<li>Hauptspeisen\n<ul>\n<li><a href=\"http:\/\/www.schlammdackel.de\/?tag=vegetarisch\">Vegetarisch<\/a><\/li>\n<li><a href=\"http:\/\/www.schlammdackel.de\/?tag=vegan\">Vegan<\/a><\/li>\n<li><a href=\"http:\/\/www.schlammdackel.de\/?tag=meeresbewohner\">Fisch<\/a><\/li>\n<li><a href=\"http:\/\/www.schlammdackel.de\/?tag=hackfleisch,huhn,putenfleisch,rind,schinken\">Fleisch<\/a><\/li>\n<\/ul>\n<\/li>\n<li><a href=\"http:\/\/www.schlammdackel.de\/?tag=salat\">Salate<\/a><\/li>\n<li><a href=\"http:\/\/www.schlammdackel.de\/?tag=brot\">Brot und Br\u00f6tchen<\/a><\/li>\n<li><a href=\"http:\/\/www.schlammdackel.de\/?tag=suppe\">Suppen<\/a><\/li>\n<li><a href=\"http:\/\/www.schlammdackel.de\/?tag=dessert\">Desserts<\/a><\/li>\n<li><a href=\"http:\/\/www.schlammdackel.de\/?tag=kuchen\">Kuchen<\/a><\/li>\n<li><a href=\"http:\/\/www.schlammdackel.de\/?tag=kekse\">Kekse<\/a><\/li>\n<li><a href=\"http:\/\/www.schlammdackel.de\/?tag=eis\">Eis<\/a><\/li>\n<li><a href=\"http:\/\/www.schlammdackel.de\/?tag=getraenke\">Getr\u00e4nke<\/a><\/li>\n<li><a href=\"http:\/\/www.schlammdackel.de\/?tag=weihnachten\">Weihnachten<\/a><\/li>\n<\/ul>\n<p>Zutaten<\/p>\n<ul>\n<li><a href=\"http:\/\/www.schlammdackel.de\/?tag=apfel\">\u00c4pfel<\/a><\/li>\n<li><a href=\"http:\/\/www.schlammdackel.de\/?tag=aprikosen\">Aprikosen<\/a><\/li>\n<li><a href=\"http:\/\/www.schlammdackel.de\/?tag=auberginen\">Auberginen<\/a><\/li>\n<li><a href=\"http:\/\/www.schlammdackel.de\/?tag=avocado\">Avocados<\/a><\/li>\n<li><a href=\"http:\/\/www.schlammdackel.de\/?tag=birnen\">Birnen<\/a><\/li>\n<li><a href=\"http:\/\/www.schlammdackel.de\/?tag=blumenkohl\">Blumenkohl<\/a><\/li>\n<li><a href=\"http:\/\/www.schlammdackel.de\/?tag=bohnen\">Bohnen<\/a><\/li>\n<li><a href=\"http:\/\/www.schlammdackel.de\/?tag=brokkoli\">Brokkoli<\/a><\/li>\n<li><a href=\"http:\/\/www.schlammdackel.de\/?tag=brombeeren\">Brombeeren<\/a><\/li>\n<li><a href=\"http:\/\/www.schlammdackel.de\/?tag=chicoree\">Chicor\u00e9e<\/a><\/li>\n<li><a href=\"http:\/\/www.schlammdackel.de\/?tag=chinakohl\">Chinakohl<\/a><\/li>\n<li><a href=\"http:\/\/www.schlammdackel.de\/?tag=erbsen\">Erbsen<\/a><\/li>\n<li><a href=\"http:\/\/www.schlammdackel.de\/?tag=erdbeeren\">Erdbeeren<\/a><\/li>\n<li><a href=\"http:\/\/www.schlammdackel.de\/?tag=feigen\">Feigen<\/a><\/li>\n<li><a href=\"http:\/\/www.schlammdackel.de\/?tag=fenchel\">Fenchel<\/a><\/li>\n<li><a href=\"http:\/\/www.schlammdackel.de\/?tag=gelbe-bete\">Gelbe Bete<\/a><\/li>\n<li><a href=\"http:\/\/www.schlammdackel.de\/?tag=gemusezwiebeln\">Gem\u00fcsezwiebeln<\/a><\/li>\n<li><a href=\"http:\/\/www.schlammdackel.de\/?tag=grunkohl\">Gr\u00fcnkohl<\/a><\/li>\n<li><a href=\"http:\/\/www.schlammdackel.de\/?tag=heidelbeeren\">Heidelbeeren<\/a><\/li>\n<li><a href=\"http:\/\/www.schlammdackel.de\/?tag=himbeeren\">Himbeeren<\/a><\/li>\n<li><a href=\"http:\/\/www.schlammdackel.de\/?tag=johannisbeeren\">Johannisbeeren<\/a><\/li>\n<li><a href=\"http:\/\/www.schlammdackel.de\/?tag=kartoffeln\">Kartoffeln<\/a><\/li>\n<li><a href=\"http:\/\/www.schlammdackel.de\/?tag=kichererbsen\">Kichererbsen<\/a><\/li>\n<li><a href=\"http:\/\/www.schlammdackel.de\/?tag=kirschen\">Kirschen<\/a><\/li>\n<li><a href=\"http:\/\/www.schlammdackel.de\/?tag=kohlrabi\">Kohlrabi<\/a><\/li>\n<li><a href=\"http:\/\/www.schlammdackel.de\/?tag=kurbis\">K\u00fcrbis<\/a><\/li>\n<li><a href=\"http:\/\/www.schlammdackel.de\/?tag=lauch\">Lauch<\/a><\/li>\n<li><a href=\"http:\/\/www.schlammdackel.de\/?tag=linsen\">Linsen<\/a><\/li>\n<li><a href=\"http:\/\/www.schlammdackel.de\/?tag=mais\">Mais<\/a><\/li>\n<li><a href=\"http:\/\/www.schlammdackel.de\/?tag=mandarinen\">Mandarinen<\/a><\/li>\n<li><a href=\"http:\/\/www.schlammdackel.de\/?tag=mango\">Mango<\/a><\/li>\n<li><a href=\"http:\/\/www.schlammdackel.de\/?tag=mangold\">Mangold<\/a><\/li>\n<li><a href=\"http:\/\/www.schlammdackel.de\/?tag=maronen\">Maronen<\/a><\/li>\n<li><a href=\"http:\/\/www.schlammdackel.de\/?tag=melonen\">Melonen<\/a><\/li>\n<li><a href=\"http:\/\/www.schlammdackel.de\/?tag=minneolas\">Menneolas<\/a><\/li>\n<li><a href=\"http:\/\/www.schlammdackel.de\/?tag=mohren\">M\u00f6hren<\/a><\/li>\n<li><a href=\"http:\/\/www.schlammdackel.de\/?tag=nektarinen\">Nektarinen<\/a><\/li>\n<li><a href=\"http:\/\/www.schlammdackel.de\/?tag=nudeln\">Nudeln<\/a><\/li>\n<li><a href=\"http:\/\/www.schlammdackel.de\/?tag=orangen\">Orangen<\/a><\/li>\n<li><a href=\"http:\/\/www.schlammdackel.de\/?tag=paprika\">Paprika<\/a><\/li>\n<li><a href=\"http:\/\/www.schlammdackel.de\/?tag=pastinaken\">Pastinaken<\/a><\/li>\n<li>Petersilienwurzeln<\/li>\n<li><a href=\"http:\/\/www.schlammdackel.de\/?tag=pfirsiche\">Pfirsiche<\/a><\/li>\n<li><a href=\"http:\/\/www.schlammdackel.de\/?tag=pflaumen\">Pflaumen<\/a><\/li>\n<li><a href=\"http:\/\/www.schlammdackel.de\/?tag=pilze\">Pilze<\/a><\/li>\n<li><a href=\"http:\/\/www.schlammdackel.de\/?tag=quitten\">Quitten<\/a><\/li>\n<li><a href=\"http:\/\/www.schlammdackel.de\/?tag=radicchio\">Radicchio<\/a><\/li>\n<li><a href=\"http:\/\/www.schlammdackel.de\/?tag=radieschen\">Radieschen<\/a><\/li>\n<li><a href=\"http:\/\/www.schlammdackel.de\/?tag=reis\">Reis<\/a><\/li>\n<li><a href=\"http:\/\/www.schlammdackel.de\/?tag=rhabarber\">Rhabarber<\/a><\/li>\n<li><a href=\"http:\/\/www.schlammdackel.de\/?tag=rosenkohl\">Rosenkohl<\/a><\/li>\n<li><a href=\"http:\/\/www.schlammdackel.de\/?tag=rote-bete\">Rote Bete<\/a><\/li>\n<li><a href=\"http:\/\/www.schlammdackel.de\/?tag=rotkohl\">Rotkohl<\/a><\/li>\n<li><a href=\"http:\/\/www.schlammdackel.de\/?tag=rubstiel\">R\u00fcbstiel<\/a><\/li>\n<li><a href=\"http:\/\/www.schlammdackel.de\/?tag=schwarzwurzeln\">Schwarzwurzeln<\/a><\/li>\n<li><a href=\"http:\/\/www.schlammdackel.de\/?tag=sellerie\">Sellerie<\/a><\/li>\n<li><a href=\"http:\/\/www.schlammdackel.de\/?tag=spargel\">Spargel<\/a><\/li>\n<li><a href=\"http:\/\/www.schlammdackel.de\/?tag=spinat\">Spinat<\/a><\/li>\n<li><a href=\"http:\/\/www.schlammdackel.de\/?tag=spitzkohl\">Spitzkohl<\/a><\/li>\n<li><a href=\"http:\/\/www.schlammdackel.de\/?tag=stachelbeeren\">Stachelbeeren<\/a><\/li>\n<li><a href=\"http:\/\/www.schlammdackel.de\/?tag=steckruben\">Steckr\u00fcben<\/a><\/li>\n<li><a href=\"http:\/\/www.schlammdackel.de\/?tag=tofu\">Tofu<\/a><\/li>\n<li><a href=\"http:\/\/www.schlammdackel.de\/?tag=suskartoffeln\">S\u00fc\u00dfkartoffeln<\/a><\/li>\n<li><a href=\"http:\/\/www.schlammdackel.de\/?tag=tomaten\">Tomaten<\/a><\/li>\n<li><a href=\"http:\/\/www.schlammdackel.de\/?tag=topinambur\">Topinambur<\/a><\/li>\n<li><a href=\"http:\/\/www.schlammdackel.de\/?tag=trauben\">Trauben<\/a><\/li>\n<li><a href=\"http:\/\/www.schlammdackel.de\/?tag=wirsing\">Wirsing<\/a><\/li>\n<li><a href=\"http:\/\/www.schlammdackel.de\/?tag=zucchini\">Zucchini<\/a><\/li>\n<li><a href=\"http:\/\/www.schlammdackel.de\/?tag=zuckerschoten\">Zuckerschoten<\/a><\/li>\n<\/ul>\n","protected":false},"excerpt":{"rendered":"<p>Fr\u00fchst\u00fcck Vorspeisen Hauptspeisen Vegetarisch Vegan Fisch Fleisch Salate Brot und Br\u00f6tchen Suppen Desserts Kuchen Kekse Eis Getr\u00e4nke Weihnachten Zutaten \u00c4pfel Aprikosen Auberginen Avocados Birnen Blumenkohl Bohnen Brokkoli Brombeeren Chicor\u00e9e Chinakohl Erbsen Erdbeeren Feigen Fenchel Gelbe Bete Gem\u00fcsezwiebeln Gr\u00fcnkohl Heidelbeeren Himbeeren Johannisbeeren Kartoffeln Kichererbsen Kirschen Kohlrabi K\u00fcrbis Lauch Linsen Mais Mandarinen Mango Mangold Maronen Melonen Menneolas &hellip; <\/p>\n<p class=\"link-more\"><a href=\"https:\/\/www.schlammdackel.de\/?page_id=46\" class=\"more-link\"><span class=\"screen-reader-text\">\u201eKategorien\u201c<\/span> weiterlesen<\/a><\/p>\n","protected":false},"author":1,"featured_media":0,"parent":0,"menu_order":2,"comment_status":"closed","ping_status":"closed","template":"","meta":{"footnotes":""},"class_list":["post-46","page","type-page","status-publish","hentry"],"_links":{"self":[{"href":"https:\/\/www.schlammdackel.de\/index.php?rest_route=\/wp\/v2\/pages\/46","targetHints":{"allow":["GET"]}}],"collection":[{"href":"https:\/\/www.schlammdackel.de\/index.php?rest_route=\/wp\/v2\/pages"}],"about":[{"href":"https:\/\/www.schlammdackel.de\/index.php?rest_route=\/wp\/v2\/types\/page"}],"author":[{"embeddable":true,"href":"https:\/\/www.schlammdackel.de\/index.php?rest_route=\/wp\/v2\/users\/1"}],"replies":[{"embeddable":true,"href":"https:\/\/www.schlammdackel.de\/index.php?rest_route=%2Fwp%2Fv2%2Fcomments&post=46"}],"version-history":[{"count":4,"href":"https:\/\/www.schlammdackel.de\/index.php?rest_route=\/wp\/v2\/pages\/46\/revisions"}],"predecessor-version":[{"id":20217,"href":"https:\/\/www.schlammdackel.de\/index.php?rest_route=\/wp\/v2\/pages\/46\/revisions\/20217"}],"wp:attachment":[{"href":"https:\/\/www.schlammdackel.de\/index.php?rest_route=%2Fwp%2Fv2%2Fmedia&parent=46"}],"curies":[{"name":"wp","href":"https:\/\/api.w.org\/{rel}","templated":true}]}}