







{"id":6845,"date":"2011-05-11T20:58:06","date_gmt":"2011-05-11T18:58:06","guid":{"rendered":"http:\/\/www.schlammdackel.de\/?page_id=6845"},"modified":"2018-12-13T06:40:39","modified_gmt":"2018-12-13T06:40:39","slug":"impressum","status":"publish","type":"page","link":"https:\/\/www.schlammdackel.de\/?page_id=6845","title":{"rendered":"Impressum"},"content":{"rendered":"<p><strong>Verantwortlich:<\/strong><\/p>\n<p>Verena Schallenberg<br \/>\nOrtsriede 21<br \/>\n30900 Wedemark<br \/>\nDeutschland<\/p>\n<p>E-Mail: verena@schlammdackel.de<\/p>\n<p>Der Inhalt von schlammdackel.de ist urheberrechtlich gesch\u00fctzt. Die Vervielf\u00e4ltigung von Informationen oder Daten, insbesondere die Verwendung von Texten, Textteilen oder Bildmaterial bedarf meiner vorherigen Zustimmung.<\/p>\n<p><strong>Haftungsausschluss:<\/strong><\/p>\n<p>Trotz sorgf\u00e4ltiger inhaltlicher Kontrolle \u00fcbernehme ich keine Haftung f\u00fcr die Inhalte externer Links. F\u00fcr den Inhalt der verlinkten Seiten sind ausschlie\u00dflich deren Betreiber verantwortlich.<\/p>\n","protected":false},"excerpt":{"rendered":"<p>Verantwortlich: Verena Schallenberg Ortsriede 21 30900 Wedemark Deutschland E-Mail: verena@schlammdackel.de Der Inhalt von schlammdackel.de ist urheberrechtlich gesch\u00fctzt. Die Vervielf\u00e4ltigung von Informationen oder Daten, insbesondere die Verwendung von Texten, Textteilen oder Bildmaterial bedarf meiner vorherigen Zustimmung. Haftungsausschluss: Trotz sorgf\u00e4ltiger inhaltlicher Kontrolle \u00fcbernehme ich keine Haftung f\u00fcr die Inhalte externer Links. F\u00fcr den Inhalt der verlinkten Seiten &hellip; <\/p>\n<p class=\"link-more\"><a href=\"https:\/\/www.schlammdackel.de\/?page_id=6845\" class=\"more-link\"><span class=\"screen-reader-text\">\u201eImpressum\u201c<\/span> weiterlesen<\/a><\/p>\n","protected":false},"author":1,"featured_media":0,"parent":0,"menu_order":5,"comment_status":"closed","ping_status":"closed","template":"","meta":{"footnotes":""},"class_list":["post-6845","page","type-page","status-publish","hentry"],"_links":{"self":[{"href":"https:\/\/www.schlammdackel.de\/index.php?rest_route=\/wp\/v2\/pages\/6845","targetHints":{"allow":["GET"]}}],"collection":[{"href":"https:\/\/www.schlammdackel.de\/index.php?rest_route=\/wp\/v2\/pages"}],"about":[{"href":"https:\/\/www.schlammdackel.de\/index.php?rest_route=\/wp\/v2\/types\/page"}],"author":[{"embeddable":true,"href":"https:\/\/www.schlammdackel.de\/index.php?rest_route=\/wp\/v2\/users\/1"}],"replies":[{"embeddable":true,"href":"https:\/\/www.schlammdackel.de\/index.php?rest_route=%2Fwp%2Fv2%2Fcomments&post=6845"}],"version-history":[{"count":1,"href":"https:\/\/www.schlammdackel.de\/index.php?rest_route=\/wp\/v2\/pages\/6845\/revisions"}],"predecessor-version":[{"id":20056,"href":"https:\/\/www.schlammdackel.de\/index.php?rest_route=\/wp\/v2\/pages\/6845\/revisions\/20056"}],"wp:attachment":[{"href":"https:\/\/www.schlammdackel.de\/index.php?rest_route=%2Fwp%2Fv2%2Fmedia&parent=6845"}],"curies":[{"name":"wp","href":"https:\/\/api.w.org\/{rel}","templated":true}]}}